{"id":136,"date":"2025-02-22T21:49:26","date_gmt":"2025-02-22T21:49:26","guid":{"rendered":"http:\/\/utrainingclub.com\/?page_id=136"},"modified":"2025-05-12T16:30:54","modified_gmt":"2025-05-12T16:30:54","slug":"dersler","status":"publish","type":"page","link":"http:\/\/utrainingclub.com\/index.php\/dersler\/","title":{"rendered":"DERSLER"},"content":{"rendered":"\t\t<div data-elementor-type=\"wp-page\" data-elementor-id=\"136\" class=\"elementor elementor-136\" data-elementor-post-type=\"page\">\n\t\t\t\t<div class=\"elementor-element elementor-element-47fc617 e-flex e-con-boxed e-con e-parent\" data-id=\"47fc617\" data-element_type=\"container\" data-e-type=\"container\" data-settings=\"{&quot;background_background&quot;:&quot;classic&quot;}\">\n\t\t\t\t\t<div class=\"e-con-inner\">\n\t\t\t\t<div class=\"elementor-element elementor-element-5631d52 elementor-widget elementor-widget-text-editor\" data-id=\"5631d52\" data-element_type=\"widget\" data-e-type=\"widget\" data-widget_type=\"text-editor.default\">\n\t\t\t\t<div class=\"elementor-widget-container\">\n\t\t\t\t\t\t\t\t\t<p>Fonksiyonel antrenmandan yogaya, reformerden kickboksa kadar her ders, v\u00fccudunu g\u00fc\u00e7lendirmek ve zihnini rahatlatmak i\u00e7in tasarland\u0131. G\u00fcnl\u00fck hareketlerini kolayla\u015ft\u0131r, esnekli\u011fini art\u0131r, ya\u011f yak\u0131m\u0131n\u0131 h\u0131zland\u0131r ve stresini geride b\u0131rak. \u0130ster atletik performans\u0131n\u0131 y\u00fckseltmek, ister dengeni ve dayan\u0131kl\u0131l\u0131\u011f\u0131n\u0131 geli\u015ftirmek iste, burada senin i\u00e7in en uygun antrenman var. Kendine meydan oku ve d\u00f6n\u00fc\u015f\u00fcm\u00fcn\u00fc ba\u015flat!<\/p>\t\t\t\t\t\t\t\t<\/div>\n\t\t\t\t<\/div>\n\t\t\t\t<div class=\"elementor-element elementor-element-d449d73 elementor-widget elementor-widget-button\" data-id=\"d449d73\" data-element_type=\"widget\" data-e-type=\"widget\" data-widget_type=\"button.default\">\n\t\t\t\t<div class=\"elementor-widget-container\">\n\t\t\t\t\t\t\t\t\t<div class=\"elementor-button-wrapper\">\n\t\t\t\t\t<a class=\"elementor-button elementor-button-link elementor-size-sm elementor-animation-grow\" href=\"http:\/\/utrainingclub.com\/index.php\/iletisim\/\">\n\t\t\t\t\t\t<span class=\"elementor-button-content-wrapper\">\n\t\t\t\t\t\t\t\t\t<span class=\"elementor-button-text\">\u0130LET\u0130\u015e\u0130M<\/span>\n\t\t\t\t\t<\/span>\n\t\t\t\t\t<\/a>\n\t\t\t\t<\/div>\n\t\t\t\t\t\t\t\t<\/div>\n\t\t\t\t<\/div>\n\t\t\t\t\t<\/div>\n\t\t\t\t<\/div>\n\t\t<div class=\"elementor-element elementor-element-141b1c6 e-con-full e-flex e-con e-parent\" data-id=\"141b1c6\" data-element_type=\"container\" data-e-type=\"container\" data-settings=\"{&quot;background_background&quot;:&quot;classic&quot;}\">\n\t\t<div class=\"elementor-element elementor-element-a78329e e-con-full e-flex e-con e-child\" data-id=\"a78329e\" data-element_type=\"container\" data-e-type=\"container\">\n\t\t\t\t<div class=\"elementor-element elementor-element-55e6fd3 elementor-widget elementor-widget-heading\" data-id=\"55e6fd3\" data-element_type=\"widget\" data-e-type=\"widget\" data-widget_type=\"heading.default\">\n\t\t\t\t<div class=\"elementor-widget-container\">\n\t\t\t\t\t<h2 class=\"elementor-heading-title elementor-size-default\">Fonksiyonel Antrenman<\/h2>\t\t\t\t<\/div>\n\t\t\t\t<\/div>\n\t\t\t\t<div class=\"elementor-element elementor-element-8e34259 elementor-widget elementor-widget-text-editor\" data-id=\"8e34259\" data-element_type=\"widget\" data-e-type=\"widget\" data-widget_type=\"text-editor.default\">\n\t\t\t\t<div class=\"elementor-widget-container\">\n\t\t\t\t\t\t\t\t\t<p>Fonksiyonel antrenman, g\u00fcnl\u00fck hayattaki hareketlerinizi daha kolay ve etkili bir \u015fekilde yapman\u0131z\u0131 sa\u011flayacak \u015fekilde tasarlanm\u0131\u015f antrenman t\u00fcr\u00fcd\u00fcr.\u2028<\/p>\t\t\t\t\t\t\t\t<\/div>\n\t\t\t\t<\/div>\n\t\t\t\t<div class=\"elementor-element elementor-element-e987f0d elementor-widget elementor-widget-text-editor\" data-id=\"e987f0d\" data-element_type=\"widget\" data-e-type=\"widget\" data-widget_type=\"text-editor.default\">\n\t\t\t\t<div class=\"elementor-widget-container\">\n\t\t\t\t\t\t\t\t\t<p>\u2022 Kas gruplar\u0131n\u0131 bir arada \u00e7al\u0131\u015ft\u0131rarak denge, koordinasyon ve esneklik geli\u015ftirir.<\/p><p>\u2022 Yaralanma riskini azalt\u0131r ve v\u00fccut kontrol\u00fcn\u00fc art\u0131r\u0131r.<\/p><p>\u2022 G\u00fcnl\u00fck ya\u015fam performans\u0131n\u0131 iyile\u015ftirir.<\/p><p>\u2022 Kalori yak\u0131m\u0131n\u0131 art\u0131rarak kilo verme s\u00fcrecini destekler.<\/p>\t\t\t\t\t\t\t\t<\/div>\n\t\t\t\t<\/div>\n\t\t\t\t<\/div>\n\t\t<div class=\"elementor-element elementor-element-526b908 e-con-full e-flex e-con e-child\" data-id=\"526b908\" data-element_type=\"container\" data-e-type=\"container\" data-settings=\"{&quot;background_background&quot;:&quot;classic&quot;}\">\n\t\t\t\t<\/div>\n\t\t\t\t<\/div>\n\t\t<div class=\"elementor-element elementor-element-a01d00f e-con-full e-flex e-con e-parent\" data-id=\"a01d00f\" data-element_type=\"container\" data-e-type=\"container\" data-settings=\"{&quot;background_background&quot;:&quot;classic&quot;}\">\n\t\t<div class=\"elementor-element elementor-element-4d8d583 e-con-full e-flex e-con e-child\" data-id=\"4d8d583\" data-element_type=\"container\" data-e-type=\"container\" data-settings=\"{&quot;background_background&quot;:&quot;classic&quot;}\">\n\t\t\t\t<\/div>\n\t\t<div class=\"elementor-element elementor-element-4845fb8 e-con-full e-flex e-con e-child\" data-id=\"4845fb8\" data-element_type=\"container\" data-e-type=\"container\">\n\t\t\t\t<div class=\"elementor-element elementor-element-4e1c147 elementor-widget elementor-widget-heading\" data-id=\"4e1c147\" data-element_type=\"widget\" data-e-type=\"widget\" data-widget_type=\"heading.default\">\n\t\t\t\t<div class=\"elementor-widget-container\">\n\t\t\t\t\t<h2 class=\"elementor-heading-title elementor-size-default\">Reformer<\/h2>\t\t\t\t<\/div>\n\t\t\t\t<\/div>\n\t\t\t\t<div class=\"elementor-element elementor-element-50a2284 elementor-widget elementor-widget-text-editor\" data-id=\"50a2284\" data-element_type=\"widget\" data-e-type=\"widget\" data-widget_type=\"text-editor.default\">\n\t\t\t\t<div class=\"elementor-widget-container\">\n\t\t\t\t\t\t\t\t\t<p>Reformer, \u00f6zel pilates ekipmanlar\u0131 yard\u0131m\u0131yla yap\u0131lan pilates y\u00f6ntemidir ve v\u00fccuda e\u015fit da\u011f\u0131l\u0131ml\u0131 bir g\u00fc\u00e7 ve esneklik kazand\u0131r\u0131r.<\/p>\t\t\t\t\t\t\t\t<\/div>\n\t\t\t\t<\/div>\n\t\t\t\t<div class=\"elementor-element elementor-element-03f5783 elementor-widget elementor-widget-text-editor\" data-id=\"03f5783\" data-element_type=\"widget\" data-e-type=\"widget\" data-widget_type=\"text-editor.default\">\n\t\t\t\t<div class=\"elementor-widget-container\">\n\t\t\t\t\t\t\t\t\t<p class=\"p1\">\u2022 Post\u00fcr\u00fc d\u00fczeltir ve omurgay\u0131 destekler.<\/p><p class=\"p1\">\u2022 Kaslar\u0131 g\u00fc\u00e7lendirirken ayn\u0131 zamanda esnekli\u011fi art\u0131r\u0131r.<\/p><p class=\"p1\">\u2022 Eklem sa\u011fl\u0131\u011f\u0131n\u0131 korur.<\/p><p class=\"p1\">\u2022 Stresi azalt\u0131r ve zihinsel rahatlama sa\u011flar.<\/p>\t\t\t\t\t\t\t\t<\/div>\n\t\t\t\t<\/div>\n\t\t\t\t<\/div>\n\t\t\t\t<\/div>\n\t\t<div class=\"elementor-element elementor-element-5b9762f e-con-full e-flex e-con e-parent\" data-id=\"5b9762f\" data-element_type=\"container\" data-e-type=\"container\" data-settings=\"{&quot;background_background&quot;:&quot;classic&quot;}\">\n\t\t<div class=\"elementor-element elementor-element-b304025 e-con-full e-flex e-con e-child\" data-id=\"b304025\" data-element_type=\"container\" data-e-type=\"container\">\n\t\t\t\t<div class=\"elementor-element elementor-element-185bd56 elementor-widget elementor-widget-heading\" data-id=\"185bd56\" data-element_type=\"widget\" data-e-type=\"widget\" data-widget_type=\"heading.default\">\n\t\t\t\t<div class=\"elementor-widget-container\">\n\t\t\t\t\t<h2 class=\"elementor-heading-title elementor-size-default\">Kickboks<\/h2>\t\t\t\t<\/div>\n\t\t\t\t<\/div>\n\t\t\t\t<div class=\"elementor-element elementor-element-7522b2e elementor-widget elementor-widget-text-editor\" data-id=\"7522b2e\" data-element_type=\"widget\" data-e-type=\"widget\" data-widget_type=\"text-editor.default\">\n\t\t\t\t<div class=\"elementor-widget-container\">\n\t\t\t\t\t\t\t\t\t<p>Kickboks, hem kardiyovask\u00fcler hem de g\u00fc\u00e7 antrenman\u0131n\u0131 birle\u015ftiren dinamik bir bran\u015f ve egzersiz t\u00fcr\u00fcd\u00fcr.<\/p>\t\t\t\t\t\t\t\t<\/div>\n\t\t\t\t<\/div>\n\t\t\t\t<div class=\"elementor-element elementor-element-e97ea90 elementor-widget elementor-widget-text-editor\" data-id=\"e97ea90\" data-element_type=\"widget\" data-e-type=\"widget\" data-widget_type=\"text-editor.default\">\n\t\t\t\t<div class=\"elementor-widget-container\">\n\t\t\t\t\t\t\t\t\t<p class=\"p1\">\u2022 Y\u00fcksek yo\u011funluklu bir antrenman ile h\u0131zl\u0131 ya\u011f yak\u0131m\u0131 sa\u011flar.<\/p><p class=\"p1\">\u2022 Refleksleri ve dayan\u0131kl\u0131l\u0131\u011f\u0131 art\u0131r\u0131r.<\/p><p class=\"p1\">\u2022 \u00d6zg\u00fcveni y\u00fckseltir ve zihinsel disiplini geli\u015ftirir.<\/p><p class=\"p1\">\u2022 Stres atman\u0131n etkili bir yoludur.<\/p>\t\t\t\t\t\t\t\t<\/div>\n\t\t\t\t<\/div>\n\t\t\t\t<\/div>\n\t\t<div class=\"elementor-element elementor-element-170f311 e-con-full e-flex e-con e-child\" data-id=\"170f311\" data-element_type=\"container\" data-e-type=\"container\" data-settings=\"{&quot;background_background&quot;:&quot;classic&quot;}\">\n\t\t\t\t<\/div>\n\t\t\t\t<\/div>\n\t\t<div class=\"elementor-element elementor-element-7fd0111 e-con-full e-flex e-con e-parent\" data-id=\"7fd0111\" data-element_type=\"container\" data-e-type=\"container\" data-settings=\"{&quot;background_background&quot;:&quot;classic&quot;}\">\n\t\t<div class=\"elementor-element elementor-element-e9ffa42 e-con-full e-flex e-con e-child\" data-id=\"e9ffa42\" data-element_type=\"container\" data-e-type=\"container\" data-settings=\"{&quot;background_background&quot;:&quot;classic&quot;}\">\n\t\t\t\t<\/div>\n\t\t<div class=\"elementor-element elementor-element-3278534 e-con-full e-flex e-con e-child\" data-id=\"3278534\" data-element_type=\"container\" data-e-type=\"container\">\n\t\t\t\t<div class=\"elementor-element elementor-element-8f5c663 elementor-widget elementor-widget-heading\" data-id=\"8f5c663\" data-element_type=\"widget\" data-e-type=\"widget\" data-widget_type=\"heading.default\">\n\t\t\t\t<div class=\"elementor-widget-container\">\n\t\t\t\t\t<h2 class=\"elementor-heading-title elementor-size-default\">Yoga<\/h2>\t\t\t\t<\/div>\n\t\t\t\t<\/div>\n\t\t\t\t<div class=\"elementor-element elementor-element-e9685f8 elementor-widget elementor-widget-text-editor\" data-id=\"e9685f8\" data-element_type=\"widget\" data-e-type=\"widget\" data-widget_type=\"text-editor.default\">\n\t\t\t\t<div class=\"elementor-widget-container\">\n\t\t\t\t\t\t\t\t\t<p class=\"p1\">Yoga, beden ve zihni birle\u015ftirerek dengeli bir ya\u015fam tarz\u0131 olu\u015fturmay\u0131 hedefleyen bir egzersiz sistemidir.<\/p>\t\t\t\t\t\t\t\t<\/div>\n\t\t\t\t<\/div>\n\t\t\t\t<div class=\"elementor-element elementor-element-30f7f6a elementor-widget elementor-widget-text-editor\" data-id=\"30f7f6a\" data-element_type=\"widget\" data-e-type=\"widget\" data-widget_type=\"text-editor.default\">\n\t\t\t\t<div class=\"elementor-widget-container\">\n\t\t\t\t\t\t\t\t\t<p class=\"p1\">\u2022 Zihinsel huzur ve stres y\u00f6netimi sa\u011flar.<\/p><p class=\"p1\">\u2022 Esnekli\u011fi art\u0131r\u0131r ve kas gerginli\u011fini azalt\u0131r.<\/p><p class=\"p1\">\u2022 Solunum teknikleri ile enerjiyi art\u0131r\u0131r.<\/p><p class=\"p1\">\u2022 \u0130\u00e7sel fark\u0131ndal\u0131k ve denge kazand\u0131r\u0131r.<\/p>\t\t\t\t\t\t\t\t<\/div>\n\t\t\t\t<\/div>\n\t\t\t\t<\/div>\n\t\t\t\t<\/div>\n\t\t<div class=\"elementor-element elementor-element-415f37d e-con-full e-flex e-con e-parent\" data-id=\"415f37d\" data-element_type=\"container\" data-e-type=\"container\" data-settings=\"{&quot;background_background&quot;:&quot;classic&quot;}\">\n\t\t<div class=\"elementor-element elementor-element-f8bc56d e-con-full e-flex e-con e-child\" data-id=\"f8bc56d\" data-element_type=\"container\" data-e-type=\"container\">\n\t\t\t\t<div class=\"elementor-element elementor-element-7258e29 elementor-widget elementor-widget-heading\" data-id=\"7258e29\" data-element_type=\"widget\" data-e-type=\"widget\" data-widget_type=\"heading.default\">\n\t\t\t\t<div class=\"elementor-widget-container\">\n\t\t\t\t\t<h2 class=\"elementor-heading-title elementor-size-default\">Atletik Performans<\/h2>\t\t\t\t<\/div>\n\t\t\t\t<\/div>\n\t\t\t\t<div class=\"elementor-element elementor-element-d623dac elementor-widget elementor-widget-text-editor\" data-id=\"d623dac\" data-element_type=\"widget\" data-e-type=\"widget\" data-widget_type=\"text-editor.default\">\n\t\t\t\t<div class=\"elementor-widget-container\">\n\t\t\t\t\t\t\t\t\t<p>Atletik performans antrenmanlar\u0131, sporcular\u0131n fiziksel kapasitesini geli\u015ftirmek ve maksimum performansa ula\u015fmalar\u0131n\u0131 sa\u011flamak i\u00e7in tasarlanm\u0131\u015f bir egzersiz program\u0131d\u0131r. H\u0131z, g\u00fc\u00e7, dayan\u0131kl\u0131l\u0131k, \u00e7eviklik ve esneklik gibi temel atletik \u00f6zelliklerin t\u00fcm\u00fcn\u00fc hedef al\u0131r.\u00a0<\/p>\t\t\t\t\t\t\t\t<\/div>\n\t\t\t\t<\/div>\n\t\t\t\t<div class=\"elementor-element elementor-element-2261cd0 elementor-widget elementor-widget-text-editor\" data-id=\"2261cd0\" data-element_type=\"widget\" data-e-type=\"widget\" data-widget_type=\"text-editor.default\">\n\t\t\t\t<div class=\"elementor-widget-container\">\n\t\t\t\t\t\t\t\t\t<p class=\"p1\">\u2022 Kas g\u00fcc\u00fcn\u00fc art\u0131r\u0131r ve patlay\u0131c\u0131 hareketlerde etkinli\u011fi sa\u011flar.<\/p><p class=\"p1\">\u2022 Daha h\u0131zl\u0131 tepki verme ve ani hareketlerde dengeyi koruma becerisi kazand\u0131r\u0131r.<\/p><p class=\"p1\">\u2022 Fiziksel kapasiteyi art\u0131rarak uzun s\u00fcreli aktivitelerde daha etkili performans sa\u011flar.<\/p><p class=\"p1\">\u2022 Kas ve eklem dayan\u0131kl\u0131l\u0131\u011f\u0131n\u0131 art\u0131rarak spor s\u0131ras\u0131nda olu\u015fabilecek yaralanmalar\u0131n \u00f6n\u00fcne ge\u00e7er.<\/p><p class=\"p1\">\u2022 Spesifik spor bran\u015flar\u0131na uygun teknik geli\u015fim\u0130 sa\u011flar.<\/p><p class=\"p1\">\u2022 Kardiyovask\u00fcler sistemi geli\u015ftirerek genel sa\u011fl\u0131k ve kondisyonu iyile\u015ftirir.<\/p>\t\t\t\t\t\t\t\t<\/div>\n\t\t\t\t<\/div>\n\t\t\t\t<\/div>\n\t\t<div class=\"elementor-element elementor-element-1c1493d e-con-full e-flex e-con e-child\" data-id=\"1c1493d\" data-element_type=\"container\" data-e-type=\"container\" data-settings=\"{&quot;background_background&quot;:&quot;classic&quot;}\">\n\t\t\t\t<\/div>\n\t\t\t\t<\/div>\n\t\t\t\t<\/div>\n\t\t","protected":false},"excerpt":{"rendered":"<p>Fonksiyonel antrenmandan yogaya, reformerden kickboksa kadar her ders, v\u00fccudunu g\u00fc\u00e7lendirmek ve zihnini rahatlatmak i\u00e7in tasarland\u0131. G\u00fcnl\u00fck hareketlerini kolayla\u015ft\u0131r, esnekli\u011fini art\u0131r, ya\u011f yak\u0131m\u0131n\u0131 h\u0131zland\u0131r ve stresini geride b\u0131rak. \u0130ster atletik performans\u0131n\u0131 y\u00fckseltmek, ister dengeni ve dayan\u0131kl\u0131l\u0131\u011f\u0131n\u0131 geli\u015ftirmek iste, burada senin i\u00e7in en uygun antrenman var. Kendine meydan oku ve d\u00f6n\u00fc\u015f\u00fcm\u00fcn\u00fc ba\u015flat! \u0130LET\u0130\u015e\u0130M Fonksiyonel Antrenman Fonksiyonel antrenman, [&hellip;]<\/p>\n","protected":false},"author":1,"featured_media":0,"parent":0,"menu_order":0,"comment_status":"closed","ping_status":"closed","template":"elementor_header_footer","meta":{"footnotes":""},"class_list":["post-136","page","type-page","status-publish","hentry"],"_links":{"self":[{"href":"http:\/\/utrainingclub.com\/index.php\/wp-json\/wp\/v2\/pages\/136","targetHints":{"allow":["GET"]}}],"collection":[{"href":"http:\/\/utrainingclub.com\/index.php\/wp-json\/wp\/v2\/pages"}],"about":[{"href":"http:\/\/utrainingclub.com\/index.php\/wp-json\/wp\/v2\/types\/page"}],"author":[{"embeddable":true,"href":"http:\/\/utrainingclub.com\/index.php\/wp-json\/wp\/v2\/users\/1"}],"replies":[{"embeddable":true,"href":"http:\/\/utrainingclub.com\/index.php\/wp-json\/wp\/v2\/comments?post=136"}],"version-history":[{"count":127,"href":"http:\/\/utrainingclub.com\/index.php\/wp-json\/wp\/v2\/pages\/136\/revisions"}],"predecessor-version":[{"id":1637,"href":"http:\/\/utrainingclub.com\/index.php\/wp-json\/wp\/v2\/pages\/136\/revisions\/1637"}],"wp:attachment":[{"href":"http:\/\/utrainingclub.com\/index.php\/wp-json\/wp\/v2\/media?parent=136"}],"curies":[{"name":"wp","href":"https:\/\/api.w.org\/{rel}","templated":true}]}}