{"id":486,"date":"2025-03-10T20:35:19","date_gmt":"2025-03-10T20:35:19","guid":{"rendered":"http:\/\/utrainingclub.com\/?page_id=486"},"modified":"2025-07-29T14:05:53","modified_gmt":"2025-07-29T14:05:53","slug":"tuna-budak","status":"publish","type":"page","link":"http:\/\/utrainingclub.com\/index.php\/egitmenler\/tuna-budak\/","title":{"rendered":"Tuna Budak"},"content":{"rendered":"\t\t<div data-elementor-type=\"wp-page\" data-elementor-id=\"486\" class=\"elementor elementor-486\" data-elementor-post-type=\"page\">\n\t\t\t\t<div class=\"elementor-element elementor-element-fe20072 e-flex e-con-boxed e-con e-parent\" data-id=\"fe20072\" data-element_type=\"container\" data-e-type=\"container\">\n\t\t\t\t\t<div class=\"e-con-inner\">\n\t\t<div class=\"elementor-element elementor-element-9eeaacd e-con-full e-flex elementor-invisible e-con e-child\" data-id=\"9eeaacd\" data-element_type=\"container\" data-e-type=\"container\" data-settings=\"{&quot;animation&quot;:&quot;fadeInLeft&quot;}\">\n\t\t\t\t<div class=\"elementor-element elementor-element-b95b685 elementor-widget elementor-widget-heading\" data-id=\"b95b685\" data-element_type=\"widget\" data-e-type=\"widget\" data-widget_type=\"heading.default\">\n\t\t\t\t<div class=\"elementor-widget-container\">\n\t\t\t\t\t<h2 class=\"elementor-heading-title elementor-size-default\">Tuna Budak<\/h2>\t\t\t\t<\/div>\n\t\t\t\t<\/div>\n\t\t\t\t<div class=\"elementor-element elementor-element-05a61b5 elementor-widget elementor-widget-n-accordion\" data-id=\"05a61b5\" data-element_type=\"widget\" data-e-type=\"widget\" data-settings=\"{&quot;default_state&quot;:&quot;expanded&quot;,&quot;max_items_expended&quot;:&quot;one&quot;,&quot;n_accordion_animation_duration&quot;:{&quot;unit&quot;:&quot;ms&quot;,&quot;size&quot;:400,&quot;sizes&quot;:[]}}\" data-widget_type=\"nested-accordion.default\">\n\t\t\t\t<div class=\"elementor-widget-container\">\n\t\t\t\t\t\t\t<div class=\"e-n-accordion\" aria-label=\"Accordion. Open links with Enter or Space, close with Escape, and navigate with Arrow Keys\">\n\t\t\t\t\t\t<details id=\"e-n-accordion-item-5920\" class=\"e-n-accordion-item\" open>\n\t\t\t\t<summary class=\"e-n-accordion-item-title\" data-accordion-index=\"1\" tabindex=\"0\" aria-expanded=\"true\" aria-controls=\"e-n-accordion-item-5920\" >\n\t\t\t\t\t<span class='e-n-accordion-item-title-header'><div class=\"e-n-accordion-item-title-text\"> E\u011fitim <\/div><\/span>\n\t\t\t\t\t\t\t<span class='e-n-accordion-item-title-icon'>\n\t\t\t<span class='e-opened' ><svg aria-hidden=\"true\" class=\"e-font-icon-svg e-far-arrow-alt-circle-right\" viewBox=\"0 0 512 512\" xmlns=\"http:\/\/www.w3.org\/2000\/svg\"><path d=\"M504 256C504 119 393 8 256 8S8 119 8 256s111 248 248 248 248-111 248-248zm-448 0c0-110.5 89.5-200 200-200s200 89.5 200 200-89.5 200-200 200S56 366.5 56 256zm72 20v-40c0-6.6 5.4-12 12-12h116v-67c0-10.7 12.9-16 20.5-8.5l99 99c4.7 4.7 4.7 12.3 0 17l-99 99c-7.6 7.6-20.5 2.2-20.5-8.5v-67H140c-6.6 0-12-5.4-12-12z\"><\/path><\/svg><\/span>\n\t\t\t<span class='e-closed'><svg aria-hidden=\"true\" class=\"e-font-icon-svg e-far-arrow-alt-circle-down\" viewBox=\"0 0 512 512\" xmlns=\"http:\/\/www.w3.org\/2000\/svg\"><path d=\"M256 8C119 8 8 119 8 256s111 248 248 248 248-111 248-248S393 8 256 8zm0 448c-110.5 0-200-89.5-200-200S145.5 56 256 56s200 89.5 200 200-89.5 200-200 200zm-32-316v116h-67c-10.7 0-16 12.9-8.5 20.5l99 99c4.7 4.7 12.3 4.7 17 0l99-99c7.6-7.6 2.2-20.5-8.5-20.5h-67V140c0-6.6-5.4-12-12-12h-40c-6.6 0-12 5.4-12 12z\"><\/path><\/svg><\/span>\n\t\t<\/span>\n\n\t\t\t\t\t\t<\/summary>\n\t\t\t\t<div role=\"region\" aria-labelledby=\"e-n-accordion-item-5920\" class=\"elementor-element elementor-element-418628b e-con-full e-flex e-con e-child\" data-id=\"418628b\" data-element_type=\"container\" data-e-type=\"container\">\n\t\t\t\t<div class=\"elementor-element elementor-element-55af8e1 elementor-widget elementor-widget-text-editor\" data-id=\"55af8e1\" data-element_type=\"widget\" data-e-type=\"widget\" data-widget_type=\"text-editor.default\">\n\t\t\t\t<div class=\"elementor-widget-container\">\n\t\t\t\t\t\t\t\t\t<p>&#8211; Gedik \u00dcniversitesi Spor Bilimleri Fak\u00fcltesi Beden E\u011fitimi ve Spor \u00d6\u011fretmenli\u011fi B\u00f6l\u00fcm\u00fc<\/p>\t\t\t\t\t\t\t\t<\/div>\n\t\t\t\t<\/div>\n\t\t\t\t<\/div>\n\t\t\t\t\t<\/details>\n\t\t\t\t\t\t<details id=\"e-n-accordion-item-5921\" class=\"e-n-accordion-item\" >\n\t\t\t\t<summary class=\"e-n-accordion-item-title\" data-accordion-index=\"2\" tabindex=\"-1\" aria-expanded=\"false\" aria-controls=\"e-n-accordion-item-5921\" >\n\t\t\t\t\t<span class='e-n-accordion-item-title-header'><div class=\"e-n-accordion-item-title-text\"> Sertifikalar <\/div><\/span>\n\t\t\t\t\t\t\t<span class='e-n-accordion-item-title-icon'>\n\t\t\t<span class='e-opened' ><svg aria-hidden=\"true\" class=\"e-font-icon-svg e-far-arrow-alt-circle-right\" viewBox=\"0 0 512 512\" xmlns=\"http:\/\/www.w3.org\/2000\/svg\"><path d=\"M504 256C504 119 393 8 256 8S8 119 8 256s111 248 248 248 248-111 248-248zm-448 0c0-110.5 89.5-200 200-200s200 89.5 200 200-89.5 200-200 200S56 366.5 56 256zm72 20v-40c0-6.6 5.4-12 12-12h116v-67c0-10.7 12.9-16 20.5-8.5l99 99c4.7 4.7 4.7 12.3 0 17l-99 99c-7.6 7.6-20.5 2.2-20.5-8.5v-67H140c-6.6 0-12-5.4-12-12z\"><\/path><\/svg><\/span>\n\t\t\t<span class='e-closed'><svg aria-hidden=\"true\" class=\"e-font-icon-svg e-far-arrow-alt-circle-down\" viewBox=\"0 0 512 512\" xmlns=\"http:\/\/www.w3.org\/2000\/svg\"><path d=\"M256 8C119 8 8 119 8 256s111 248 248 248 248-111 248-248S393 8 256 8zm0 448c-110.5 0-200-89.5-200-200S145.5 56 256 56s200 89.5 200 200-89.5 200-200 200zm-32-316v116h-67c-10.7 0-16 12.9-8.5 20.5l99 99c4.7 4.7 12.3 4.7 17 0l99-99c7.6-7.6 2.2-20.5-8.5-20.5h-67V140c0-6.6-5.4-12-12-12h-40c-6.6 0-12 5.4-12 12z\"><\/path><\/svg><\/span>\n\t\t<\/span>\n\n\t\t\t\t\t\t<\/summary>\n\t\t\t\t<div role=\"region\" aria-labelledby=\"e-n-accordion-item-5921\" class=\"elementor-element elementor-element-13760ea e-con-full e-flex e-con e-child\" data-id=\"13760ea\" data-element_type=\"container\" data-e-type=\"container\">\n\t\t\t\t<div class=\"elementor-element elementor-element-1023cc5 elementor-widget elementor-widget-text-editor\" data-id=\"1023cc5\" data-element_type=\"widget\" data-e-type=\"widget\" data-widget_type=\"text-editor.default\">\n\t\t\t\t<div class=\"elementor-widget-container\">\n\t\t\t\t\t\t\t\t\t<p>&#8211; 1. Kademe Antren\u00f6rl\u00fck Belgesi (TVGFBF)<br>&#8211; Uluslararas\u0131 Fonksiyonel Kuvvet Ko\u00e7lu\u011fu (Michael Boyle &#8211; NASM ve AFAA Onayl\u0131)<br><span style=\"color: var( --e-global-color-secondary ); text-align: var(--text-align); font-size: 1rem;\">&#8211; Kadavra \u00dczerinde Uygulamal\u0131 Spor Anatomisi E\u011fitimi (Quadro Athletics)<br><\/span><span style=\"color: var( --e-global-color-secondary ); font-size: 1rem; text-align: var(--text-align);\">Atletik Performans Ko\u00e7lu\u011fu ve Kondisyonerlik Sertifikas\u0131 (\u0130stanbul \u00dcniversitesi)<\/span><\/p>\t\t\t\t\t\t\t\t<\/div>\n\t\t\t\t<\/div>\n\t\t\t\t<\/div>\n\t\t\t\t\t<\/details>\n\t\t\t\t\t<\/div>\n\t\t\t\t\t\t<\/div>\n\t\t\t\t<\/div>\n\t\t\t\t<div class=\"elementor-element elementor-element-8eb3938 elementor-shape-square e-grid-align-left elementor-grid-0 elementor-widget elementor-widget-social-icons\" data-id=\"8eb3938\" data-element_type=\"widget\" data-e-type=\"widget\" data-widget_type=\"social-icons.default\">\n\t\t\t\t<div class=\"elementor-widget-container\">\n\t\t\t\t\t\t\t<div class=\"elementor-social-icons-wrapper elementor-grid\">\n\t\t\t\t\t\t\t<span class=\"elementor-grid-item\">\n\t\t\t\t\t<a class=\"elementor-icon elementor-social-icon elementor-social-icon-instagram elementor-repeater-item-7aa1b97\" href=\"https:\/\/www.instagram.com\/tunahanbudak\/\" target=\"_blank\">\n\t\t\t\t\t\t<span class=\"elementor-screen-only\">Instagram<\/span>\n\t\t\t\t\t\t<svg aria-hidden=\"true\" class=\"e-font-icon-svg e-fab-instagram\" viewBox=\"0 0 448 512\" xmlns=\"http:\/\/www.w3.org\/2000\/svg\"><path d=\"M224.1 141c-63.6 0-114.9 51.3-114.9 114.9s51.3 114.9 114.9 114.9S339 319.5 339 255.9 287.7 141 224.1 141zm0 189.6c-41.1 0-74.7-33.5-74.7-74.7s33.5-74.7 74.7-74.7 74.7 33.5 74.7 74.7-33.6 74.7-74.7 74.7zm146.4-194.3c0 14.9-12 26.8-26.8 26.8-14.9 0-26.8-12-26.8-26.8s12-26.8 26.8-26.8 26.8 12 26.8 26.8zm76.1 27.2c-1.7-35.9-9.9-67.7-36.2-93.9-26.2-26.2-58-34.4-93.9-36.2-37-2.1-147.9-2.1-184.9 0-35.8 1.7-67.6 9.9-93.9 36.1s-34.4 58-36.2 93.9c-2.1 37-2.1 147.9 0 184.9 1.7 35.9 9.9 67.7 36.2 93.9s58 34.4 93.9 36.2c37 2.1 147.9 2.1 184.9 0 35.9-1.7 67.7-9.9 93.9-36.2 26.2-26.2 34.4-58 36.2-93.9 2.1-37 2.1-147.8 0-184.8zM398.8 388c-7.8 19.6-22.9 34.7-42.6 42.6-29.5 11.7-99.5 9-132.1 9s-102.7 2.6-132.1-9c-19.6-7.8-34.7-22.9-42.6-42.6-11.7-29.5-9-99.5-9-132.1s-2.6-102.7 9-132.1c7.8-19.6 22.9-34.7 42.6-42.6 29.5-11.7 99.5-9 132.1-9s102.7-2.6 132.1 9c19.6 7.8 34.7 22.9 42.6 42.6 11.7 29.5 9 99.5 9 132.1s2.7 102.7-9 132.1z\"><\/path><\/svg>\t\t\t\t\t<\/a>\n\t\t\t\t<\/span>\n\t\t\t\t\t<\/div>\n\t\t\t\t\t\t<\/div>\n\t\t\t\t<\/div>\n\t\t\t\t<\/div>\n\t\t<div class=\"elementor-element elementor-element-4112844 e-con-full e-flex elementor-invisible e-con e-child\" data-id=\"4112844\" data-element_type=\"container\" data-e-type=\"container\" data-settings=\"{&quot;sticky&quot;:&quot;top&quot;,&quot;sticky_offset&quot;:100,&quot;sticky_parent&quot;:&quot;yes&quot;,&quot;animation&quot;:&quot;fadeInRight&quot;,&quot;sticky_on&quot;:[&quot;desktop&quot;,&quot;tablet&quot;,&quot;mobile&quot;],&quot;sticky_effects_offset&quot;:0,&quot;sticky_anchor_link_offset&quot;:0}\">\n\t\t\t\t<div class=\"elementor-element elementor-element-f3897c3 elementor-widget elementor-widget-image\" data-id=\"f3897c3\" data-element_type=\"widget\" data-e-type=\"widget\" data-widget_type=\"image.default\">\n\t\t\t\t<div class=\"elementor-widget-container\">\n\t\t\t\t\t\t\t\t\t\t\t\t\t\t\t<img fetchpriority=\"high\" decoding=\"async\" width=\"800\" height=\"800\" src=\"http:\/\/utrainingclub.com\/wp-content\/uploads\/2025\/05\/tunabudak.jpg\" class=\"attachment-large size-large wp-image-1300\" alt=\"\" srcset=\"http:\/\/utrainingclub.com\/wp-content\/uploads\/2025\/05\/tunabudak.jpg 800w, http:\/\/utrainingclub.com\/wp-content\/uploads\/2025\/05\/tunabudak-300x300.jpg 300w, http:\/\/utrainingclub.com\/wp-content\/uploads\/2025\/05\/tunabudak-150x150.jpg 150w, http:\/\/utrainingclub.com\/wp-content\/uploads\/2025\/05\/tunabudak-768x768.jpg 768w\" sizes=\"(max-width: 800px) 100vw, 800px\" \/>\t\t\t\t\t\t\t\t\t\t\t\t\t\t\t<\/div>\n\t\t\t\t<\/div>\n\t\t\t\t<\/div>\n\t\t\t\t\t<\/div>\n\t\t\t\t<\/div>\n\t\t\t\t<\/div>\n\t\t","protected":false},"excerpt":{"rendered":"<p>Tuna Budak E\u011fitim &#8211; Gedik \u00dcniversitesi Spor Bilimleri Fak\u00fcltesi Beden E\u011fitimi ve Spor \u00d6\u011fretmenli\u011fi B\u00f6l\u00fcm\u00fc Sertifikalar &#8211; 1. Kademe Antren\u00f6rl\u00fck Belgesi (TVGFBF)&#8211; Uluslararas\u0131 Fonksiyonel Kuvvet Ko\u00e7lu\u011fu (Michael Boyle &#8211; NASM ve AFAA Onayl\u0131)&#8211; Kadavra \u00dczerinde Uygulamal\u0131 Spor Anatomisi E\u011fitimi (Quadro Athletics)Atletik Performans Ko\u00e7lu\u011fu ve Kondisyonerlik Sertifikas\u0131 (\u0130stanbul \u00dcniversitesi) &#8211; Gedik \u00dcniversitesi Spor Bilimleri Fak\u00fcltesi Beden [&hellip;]<\/p>\n","protected":false},"author":1,"featured_media":0,"parent":168,"menu_order":0,"comment_status":"closed","ping_status":"closed","template":"elementor_header_footer","meta":{"footnotes":""},"class_list":["post-486","page","type-page","status-publish","hentry"],"_links":{"self":[{"href":"http:\/\/utrainingclub.com\/index.php\/wp-json\/wp\/v2\/pages\/486","targetHints":{"allow":["GET"]}}],"collection":[{"href":"http:\/\/utrainingclub.com\/index.php\/wp-json\/wp\/v2\/pages"}],"about":[{"href":"http:\/\/utrainingclub.com\/index.php\/wp-json\/wp\/v2\/types\/page"}],"author":[{"embeddable":true,"href":"http:\/\/utrainingclub.com\/index.php\/wp-json\/wp\/v2\/users\/1"}],"replies":[{"embeddable":true,"href":"http:\/\/utrainingclub.com\/index.php\/wp-json\/wp\/v2\/comments?post=486"}],"version-history":[{"count":25,"href":"http:\/\/utrainingclub.com\/index.php\/wp-json\/wp\/v2\/pages\/486\/revisions"}],"predecessor-version":[{"id":1924,"href":"http:\/\/utrainingclub.com\/index.php\/wp-json\/wp\/v2\/pages\/486\/revisions\/1924"}],"up":[{"embeddable":true,"href":"http:\/\/utrainingclub.com\/index.php\/wp-json\/wp\/v2\/pages\/168"}],"wp:attachment":[{"href":"http:\/\/utrainingclub.com\/index.php\/wp-json\/wp\/v2\/media?parent=486"}],"curies":[{"name":"wp","href":"https:\/\/api.w.org\/{rel}","templated":true}]}}